{"id":1500,"date":"2021-09-09T14:52:21","date_gmt":"2021-09-09T12:52:21","guid":{"rendered":"https:\/\/ranc-mrcina.com\/sportni-dnevi\/"},"modified":"2022-06-01T11:26:39","modified_gmt":"2022-06-01T09:26:39","slug":"schools","status":"publish","type":"page","link":"https:\/\/ranc-mrcina.com\/en\/schools\/","title":{"rendered":"Schools"},"content":{"rendered":"<p><div class=\"fusion-fullwidth fullwidth-box fusion-builder-row-1 fusion-flex-container fusion-parallax-none nonhundred-percent-fullwidth non-hundred-percent-height-scrolling lazyload fusion-custom-z-index\" style=\"--awb-border-radius-top-left:0px;--awb-border-radius-top-right:0px;--awb-border-radius-bottom-right:0px;--awb-border-radius-bottom-left:0px;--awb-z-index:0;--awb-padding-top:220px;--awb-padding-bottom:220px;--awb-padding-top-small:100px;--awb-padding-bottom-small:100px;--awb-background-size:cover;--awb-flex-wrap:wrap;\" data-bg=\"https:\/\/ranc-mrcina.com\/wp-content\/uploads\/2021\/09\/ranc_mrcina-senozeta-2.jpg\" ><div class=\"fusion-builder-row fusion-row fusion-flex-align-items-flex-start fusion-flex-content-wrap\" style=\"max-width:1248px;margin-left: calc(-4% \/ 2 );margin-right: calc(-4% \/ 2 );\"><div class=\"fusion-layout-column fusion_builder_column fusion-builder-column-0 fusion_builder_column_1_1 1_1 fusion-flex-column\" style=\"--awb-bg-size:cover;--awb-width-large:100%;--awb-margin-top-large:0px;--awb-spacing-right-large:1.92%;--awb-margin-bottom-large:20px;--awb-spacing-left-large:1.92%;--awb-width-medium:100%;--awb-order-medium:0;--awb-spacing-right-medium:1.92%;--awb-spacing-left-medium:1.92%;--awb-width-small:100%;--awb-order-small:0;--awb-spacing-right-small:1.92%;--awb-spacing-left-small:1.92%;\"><div class=\"fusion-column-wrapper fusion-column-has-shadow fusion-flex-justify-content-flex-start fusion-content-layout-column\"><\/div><\/div><\/div><\/div><div class=\"fusion-fullwidth fullwidth-box fusion-builder-row-2 fusion-flex-container nonhundred-percent-fullwidth non-hundred-percent-height-scrolling\" style=\"--awb-border-radius-top-left:0px;--awb-border-radius-top-right:0px;--awb-border-radius-bottom-right:0px;--awb-border-radius-bottom-left:0px;--awb-padding-top:120px;--awb-flex-wrap:wrap;\" ><div class=\"fusion-builder-row fusion-row fusion-flex-align-items-flex-start fusion-flex-content-wrap\" style=\"max-width:1248px;margin-left: calc(-4% \/ 2 );margin-right: calc(-4% \/ 2 );\"><div class=\"fusion-layout-column fusion_builder_column fusion-builder-column-1 fusion_builder_column_1_1 1_1 fusion-flex-column\" style=\"--awb-bg-size:cover;--awb-width-large:100%;--awb-margin-top-large:0px;--awb-spacing-right-large:1.92%;--awb-margin-bottom-large:20px;--awb-spacing-left-large:1.92%;--awb-width-medium:100%;--awb-order-medium:0;--awb-spacing-right-medium:1.92%;--awb-spacing-left-medium:1.92%;--awb-width-small:100%;--awb-order-small:0;--awb-spacing-right-small:1.92%;--awb-spacing-left-small:1.92%;\"><div class=\"fusion-column-wrapper fusion-column-has-shadow fusion-flex-justify-content-flex-start fusion-content-layout-column\"><div class=\"fusion-text fusion-text-1 sm-text-align-left\" style=\"--awb-content-alignment:center;--awb-font-size:17px;--awb-letter-spacing:2px;--awb-text-color:#45152a;\"><p>ZDRAVI, ZABAVNI IN POU\u010cNI<\/p>\n<\/div><div class=\"fusion-title title fusion-title-1 fusion-sep-none fusion-title-center fusion-title-text fusion-title-size-one\" style=\"--awb-text-color:#45152a;--awb-margin-top:-20px;--awb-margin-bottom:20px;--awb-font-size:60px;\"><h1 class=\"fusion-title-heading title-heading-center sm-text-align-left\" style=\"margin:0;font-size:1em;line-height:1em;\">\u0160portni dnevi &amp; \u0161ole v naravi<\/h1><\/div><\/div><\/div><\/div><\/div><div class=\"fusion-fullwidth fullwidth-box fusion-builder-row-3 fusion-flex-container nonhundred-percent-fullwidth non-hundred-percent-height-scrolling\" style=\"--awb-border-radius-top-left:0px;--awb-border-radius-top-right:0px;--awb-border-radius-bottom-right:0px;--awb-border-radius-bottom-left:0px;--awb-padding-top:60px;--awb-padding-bottom:120px;--awb-flex-wrap:wrap;\" ><div class=\"fusion-builder-row fusion-row fusion-flex-align-items-flex-start fusion-flex-content-wrap\" style=\"max-width:1248px;margin-left: calc(-4% \/ 2 );margin-right: calc(-4% \/ 2 );\"><div class=\"fusion-layout-column fusion_builder_column fusion-builder-column-2 fusion_builder_column_1_2 1_2 fusion-flex-column\" style=\"--awb-bg-size:cover;--awb-width-large:50%;--awb-margin-top-large:0px;--awb-spacing-right-large:3.84%;--awb-margin-bottom-large:0px;--awb-spacing-left-large:3.84%;--awb-width-medium:50%;--awb-order-medium:0;--awb-spacing-right-medium:3.84%;--awb-spacing-left-medium:3.84%;--awb-width-small:100%;--awb-order-small:1;--awb-spacing-right-small:1.92%;--awb-spacing-left-small:1.92%;\"><div class=\"fusion-column-wrapper fusion-column-has-shadow fusion-flex-justify-content-flex-start fusion-content-layout-column\"><div class=\"fusion-image-element \" style=\"--awb-caption-title-font-family:var(--h2_typography-font-family);--awb-caption-title-font-weight:var(--h2_typography-font-weight);--awb-caption-title-font-style:var(--h2_typography-font-style);--awb-caption-title-size:var(--h2_typography-font-size);--awb-caption-title-transform:var(--h2_typography-text-transform);--awb-caption-title-line-height:var(--h2_typography-line-height);--awb-caption-title-letter-spacing:var(--h2_typography-letter-spacing);\"><span class=\" fusion-imageframe imageframe-none imageframe-1 hover-type-none\"><img fetchpriority=\"high\" decoding=\"async\" width=\"1400\" height=\"933\" title=\"ranc_mrcina-jahanje_za_najmlajse_1\" src=\"https:\/\/ranc-mrcina.com\/wp-content\/uploads\/2021\/09\/ranc_mrcina-jahanje_za_najmlajse_1.jpg\" data-orig-src=\"https:\/\/ranc-mrcina.com\/wp-content\/uploads\/2021\/09\/ranc_mrcina-jahanje_za_najmlajse_1.jpg\" alt class=\"lazyload img-responsive wp-image-1387\" srcset=\"data:image\/svg+xml,%3Csvg%20xmlns%3D%27http%3A%2F%2Fwww.w3.org%2F2000%2Fsvg%27%20width%3D%271400%27%20height%3D%27933%27%20viewBox%3D%270%200%201400%20933%27%3E%3Crect%20width%3D%271400%27%20height%3D%27933%27%20fill-opacity%3D%220%22%2F%3E%3C%2Fsvg%3E\" data-srcset=\"https:\/\/ranc-mrcina.com\/wp-content\/uploads\/2021\/09\/ranc_mrcina-jahanje_za_najmlajse_1-200x133.jpg 200w, https:\/\/ranc-mrcina.com\/wp-content\/uploads\/2021\/09\/ranc_mrcina-jahanje_za_najmlajse_1-400x267.jpg 400w, https:\/\/ranc-mrcina.com\/wp-content\/uploads\/2021\/09\/ranc_mrcina-jahanje_za_najmlajse_1-600x400.jpg 600w, https:\/\/ranc-mrcina.com\/wp-content\/uploads\/2021\/09\/ranc_mrcina-jahanje_za_najmlajse_1-800x533.jpg 800w, https:\/\/ranc-mrcina.com\/wp-content\/uploads\/2021\/09\/ranc_mrcina-jahanje_za_najmlajse_1-1200x800.jpg 1200w, https:\/\/ranc-mrcina.com\/wp-content\/uploads\/2021\/09\/ranc_mrcina-jahanje_za_najmlajse_1.jpg 1400w\" data-sizes=\"auto\" data-orig-sizes=\"(max-width: 640px) 100vw, 600px\" \/><\/span><\/div><\/div><\/div><div class=\"fusion-layout-column fusion_builder_column fusion-builder-column-3 fusion_builder_column_1_2 1_2 fusion-flex-column\" style=\"--awb-padding-left-small:26px;--awb-bg-size:cover;--awb-width-large:50%;--awb-margin-top-large:0px;--awb-spacing-right-large:3.84%;--awb-margin-bottom-large:20px;--awb-spacing-left-large:3.84%;--awb-width-medium:50%;--awb-order-medium:0;--awb-spacing-right-medium:3.84%;--awb-spacing-left-medium:3.84%;--awb-width-small:100%;--awb-order-small:0;--awb-spacing-right-small:1.92%;--awb-spacing-left-small:1.92%;\"><div class=\"fusion-column-wrapper fusion-column-has-shadow fusion-flex-justify-content-flex-start fusion-content-layout-column\"><div class=\"fusion-text fusion-text-2 sm-text-align-left\"><p>Jahanje islandskih konjev na Ran\u010du Mrcina je lahko idealna prilo\u017enost za \u0161olski \u0161portni dan. Glede na miroljubnost, prijaznost ter prilagodljivost konj lahko u\u010denci \u017ee zelo hitro (po uvodnem uvajanju v mane\u017ei) odidejo jahat v naravo \u2013 seveda v spremstvu in pod budnim o\u010desom izku\u0161enih vodi\u010dev.<\/p>\n<p>Naenkrat lahko jaha 5 otrok, za vse ostale, ki \u010dakajo, pa nudimo pester animacijski program (razne \u0161tafetne igre, streljanje z lokom, metanje podkev, ..), ki ga vodijo na\u0161i animatorji. Mo\u017ena je tudi kombinacija pohoda do Hudi\u010devega mostu.<\/p>\n<\/div><\/div><\/div><\/div><\/div><\/p>\n","protected":false},"excerpt":{"rendered":"","protected":false},"author":5,"featured_media":0,"parent":0,"menu_order":10,"comment_status":"closed","ping_status":"closed","template":"100-width.php","meta":{"_mi_skip_tracking":false,"_exactmetrics_sitenote_active":false,"_exactmetrics_sitenote_note":"","_exactmetrics_sitenote_category":0},"_links":{"self":[{"href":"https:\/\/ranc-mrcina.com\/en\/wp-json\/wp\/v2\/pages\/1500"}],"collection":[{"href":"https:\/\/ranc-mrcina.com\/en\/wp-json\/wp\/v2\/pages"}],"about":[{"href":"https:\/\/ranc-mrcina.com\/en\/wp-json\/wp\/v2\/types\/page"}],"author":[{"embeddable":true,"href":"https:\/\/ranc-mrcina.com\/en\/wp-json\/wp\/v2\/users\/5"}],"replies":[{"embeddable":true,"href":"https:\/\/ranc-mrcina.com\/en\/wp-json\/wp\/v2\/comments?post=1500"}],"version-history":[{"count":2,"href":"https:\/\/ranc-mrcina.com\/en\/wp-json\/wp\/v2\/pages\/1500\/revisions"}],"predecessor-version":[{"id":1514,"href":"https:\/\/ranc-mrcina.com\/en\/wp-json\/wp\/v2\/pages\/1500\/revisions\/1514"}],"wp:attachment":[{"href":"https:\/\/ranc-mrcina.com\/en\/wp-json\/wp\/v2\/media?parent=1500"}],"curies":[{"name":"wp","href":"https:\/\/api.w.org\/{rel}","templated":true}]}}